{"id":308,"date":"2020-01-13T11:17:52","date_gmt":"2020-01-13T11:17:52","guid":{"rendered":"https:\/\/demosites.io\/web-agency-gb\/?page_id=5"},"modified":"2023-08-31T20:11:56","modified_gmt":"2023-08-31T20:11:56","slug":"15c42-web-agency-gb-home","status":"publish","type":"page","link":"https:\/\/tlumaczkonferencyjny.pl\/","title":{"rendered":"Home"},"content":{"rendered":"\n<div class=\"wp-block-cover alignfull is-light\" style=\"min-height:700px;aspect-ratio:unset;\"><span aria-hidden=\"true\" class=\"has-background-dim-0 wp-block-cover__gradient-background has-background-dim\"><\/span><img loading=\"lazy\" decoding=\"async\" width=\"1366\" height=\"768\" class=\"wp-block-cover__image-background wp-image-109\" alt=\"\" src=\"https:\/\/tlumaczkonferencyjny.pl\/wp-content\/uploads\/2020\/07\/web-design-studio-01.jpg.jpg\" style=\"object-position:58% 35%\" data-object-fit=\"cover\" data-object-position=\"58% 35%\" srcset=\"https:\/\/tlumaczkonferencyjny.pl\/wp-content\/uploads\/2020\/07\/web-design-studio-01.jpg.jpg 1366w, https:\/\/tlumaczkonferencyjny.pl\/wp-content\/uploads\/2020\/07\/web-design-studio-01.jpg-300x169.jpg 300w\" sizes=\"auto, (max-width: 1366px) 100vw, 1366px\" \/><div class=\"wp-block-cover__inner-container is-layout-flow wp-block-cover-is-layout-flow\">\n<div style=\"height:80px\" aria-hidden=\"true\" class=\"wp-block-spacer\"><\/div>\n\n\n\n<h1 class=\"has-text-align-center has-text-color wp-block-heading\" style=\"color:#121212\">T\u0142umacz Konferencyjny<\/h1>\n\n\n\n<p class=\"has-text-align-center has-text-color\" style=\"color:#121212;font-size:17px\">Jakie rodzaje t\u0142umacze\u0144 konferencyjnych oferujemy?<\/p>\n\n\n\n<p class=\"has-text-align-center\">Oferujemy t\u0142umaczenia ustne, zar\u00f3wno symultaniczne jak i konsekutywne\u00a0<br>w Gda\u0144sku, Gdyni i Sopocie (Tr\u00f3jmie\u015bcie).\u00a0<br>Mo\u017cliwy jest dojazd na terenie ca\u0142ej Polski.<\/p>\n\n\n\n<div class=\"wp-block-buttons is-horizontal is-content-justification-center is-layout-flex wp-container-core-buttons-is-layout-499968f5 wp-block-buttons-is-layout-flex\">\n<div class=\"wp-block-button is-style-primary\"><a class=\"wp-block-button__link\" href=\"tel:514450540\">ZADZWO\u0143 DO NAS<\/a><\/div>\n\n\n\n<div class=\"wp-block-button is-style-secondary\"><a class=\"wp-block-button__link\" href=\"mailto:kontakt@tlumaczkonferencyjny.pl\">NAPISZ WIADOMO\u015a\u0106<\/a><\/div>\n<\/div>\n\n\n\n<div style=\"height:80px\" aria-hidden=\"true\" class=\"wp-block-spacer\"><\/div>\n\n\n\n<div style=\"height:80px\" aria-hidden=\"true\" class=\"wp-block-spacer\"><\/div>\n<\/div><\/div>\n\n\n\n<div style=\"height:80px\" aria-hidden=\"true\" class=\"wp-block-spacer\"><\/div>\n\n\n\n<div class=\"wp-block-columns is-layout-flex wp-container-core-columns-is-layout-9d6595d7 wp-block-columns-is-layout-flex\">\n<div class=\"wp-block-column is-layout-flow wp-block-column-is-layout-flow\">\n<div class=\"wp-block-image size-large icon-style is-style-rounded\"><figure class=\"aligncenter\"><img loading=\"lazy\" decoding=\"async\" width=\"72\" height=\"72\" src=\"https:\/\/tlumaczkonferencyjny.pl\/wp-content\/uploads\/2020\/01\/neve-webdesign-GB-03.png\" alt=\"\" class=\"wp-image-20\"\/><\/figure><\/div>\n\n\n\n<div style=\"height:20px\" aria-hidden=\"true\" class=\"wp-block-spacer\"><\/div>\n\n\n\n<h3 class=\"has-text-align-center has-neve-text-color-color has-text-color wp-block-heading\">T\u0142umaczenia symultaniczne<\/h3>\n\n\n\n<p class=\"has-text-align-center\"><\/p>\n\n\n\n<div style=\"height:20px\" aria-hidden=\"true\" class=\"wp-block-spacer\"><\/div>\n<\/div>\n\n\n\n<div class=\"wp-block-column is-layout-flow wp-block-column-is-layout-flow\">\n<div class=\"wp-block-image size-large icon-style is-style-rounded\"><figure class=\"aligncenter\"><img loading=\"lazy\" decoding=\"async\" width=\"72\" height=\"72\" src=\"https:\/\/tlumaczkonferencyjny.pl\/wp-content\/uploads\/2020\/01\/neve-webdesign-GB-04.png\" alt=\"\" class=\"wp-image-21\"\/><\/figure><\/div>\n\n\n\n<div style=\"height:20px\" aria-hidden=\"true\" class=\"wp-block-spacer\"><\/div>\n\n\n\n<h3 class=\"has-text-align-center has-neve-text-color-color has-text-color wp-block-heading\">\u00a0T\u0142umaczenia konferencyjne<\/h3>\n\n\n\n<p class=\"has-text-align-center\"><\/p>\n\n\n\n<div style=\"height:20px\" aria-hidden=\"true\" class=\"wp-block-spacer\"><\/div>\n<\/div>\n\n\n\n<div class=\"wp-block-column is-layout-flow wp-block-column-is-layout-flow\">\n<div class=\"wp-block-image size-large icon-style is-style-rounded\"><figure class=\"aligncenter\"><img loading=\"lazy\" decoding=\"async\" width=\"72\" height=\"72\" src=\"https:\/\/tlumaczkonferencyjny.pl\/wp-content\/uploads\/2020\/01\/neve-webdesign-GB-01.png\" alt=\"\" class=\"wp-image-18\"\/><\/figure><\/div>\n\n\n\n<div style=\"height:20px\" aria-hidden=\"true\" class=\"wp-block-spacer\"><\/div>\n\n\n\n<h3 class=\"has-text-align-center has-neve-text-color-color has-text-color wp-block-heading\">T\u0142umaczenia konsekutywne<\/h3>\n\n\n\n<p class=\"has-text-align-center\"><\/p>\n\n\n\n<div style=\"height:20px\" aria-hidden=\"true\" class=\"wp-block-spacer\"><\/div>\n<\/div>\n<\/div>\n\n\n\n<div style=\"height:80px\" aria-hidden=\"true\" class=\"wp-block-spacer\"><\/div>\n\n\n\n<div class=\"wp-block-cover alignfull\" style=\"min-height:600px;aspect-ratio:unset;\"><span aria-hidden=\"true\" class=\"has-nv-light-bg-background-color has-background-dim-100 wp-block-cover__gradient-background has-background-dim\"><\/span><div class=\"wp-block-cover__inner-container is-layout-flow wp-block-cover-is-layout-flow\">\n<div class=\"wp-block-group\"><div class=\"wp-block-group__inner-container is-layout-flow wp-block-group-is-layout-flow\">\n<div style=\"height:80px\" aria-hidden=\"true\" class=\"wp-block-spacer\"><\/div>\n\n\n\n<div class=\"wp-block-columns are-vertically-aligned-center is-layout-flex wp-container-core-columns-is-layout-9d6595d7 wp-block-columns-is-layout-flex\">\n<div class=\"wp-block-column is-vertically-aligned-center is-layout-flow wp-block-column-is-layout-flow\" style=\"flex-basis:50%\">\n<figure class=\"wp-block-image size-full\"><img loading=\"lazy\" decoding=\"async\" width=\"800\" height=\"800\" src=\"https:\/\/tlumaczkonferencyjny.pl\/wp-content\/uploads\/2023\/08\/tlumaczenia-ustne-gdansk.jpg\" alt=\"\" class=\"wp-image-362\" srcset=\"https:\/\/tlumaczkonferencyjny.pl\/wp-content\/uploads\/2023\/08\/tlumaczenia-ustne-gdansk.jpg 800w, https:\/\/tlumaczkonferencyjny.pl\/wp-content\/uploads\/2023\/08\/tlumaczenia-ustne-gdansk-300x300.jpg 300w, https:\/\/tlumaczkonferencyjny.pl\/wp-content\/uploads\/2023\/08\/tlumaczenia-ustne-gdansk-150x150.jpg 150w, https:\/\/tlumaczkonferencyjny.pl\/wp-content\/uploads\/2023\/08\/tlumaczenia-ustne-gdansk-768x768.jpg 768w\" sizes=\"auto, (max-width: 800px) 100vw, 800px\" \/><\/figure>\n<\/div>\n\n\n\n<div class=\"wp-block-column is-vertically-aligned-center is-layout-flow wp-block-column-is-layout-flow\" style=\"flex-basis:50%\">\n<div style=\"height:20px\" aria-hidden=\"true\" class=\"wp-block-spacer\"><\/div>\n\n\n\n<h2 class=\"has-text-align-left has-neve-text-color-color has-text-color wp-block-heading\">T\u0142umacz ustny Gda\u0144sk<\/h2>\n\n\n\n<h3 class=\"has-neve-text-color-color has-text-color wp-block-heading\">T\u0142umaczenia Ustne<\/h3>\n\n\n\n<p class=\"has-neve-text-color-color has-text-color\">Zapotrzebowanie na t\u0142umaczenia ustne i konferencyjne jest bardzo du\u017ce zar\u00f3wno w sektorze prywatnym, biznesowym jak i dyplomatycznym. Ze wzgl\u0119du na kilka rodzaj\u00f3w t\u0142umacze\u0144 ustnych, ze wsparcia j\u0119zykowego t\u0142umaczy korzysta si\u0119 obecnie na rynku lokalnym, prywatnym jak r\u00f3wnie\u017c instytucyjnym i mi\u0119dzynarodowym, na du\u017cych konferencjach czy kongresach. W naszej ofercie wychodzimy na przeciw tym potrzebom i oferujemy szeroki zakres us\u0142ug t\u0142umaczeniowych.<\/p>\n\n\n\n<div class=\"wp-block-buttons is-horizontal is-content-justification-left is-layout-flex wp-container-core-buttons-is-layout-7e5fce0a wp-block-buttons-is-layout-flex\"><\/div>\n<\/div>\n<\/div>\n\n\n\n<div style=\"height:40px\" aria-hidden=\"true\" class=\"wp-block-spacer\"><\/div>\n<\/div><\/div>\n<\/div><\/div>\n\n\n\n<div class=\"wp-block-cover alignfull\" style=\"min-height:600px;aspect-ratio:unset;\"><span aria-hidden=\"true\" class=\"has-nv-site-bg-background-color has-background-dim-100 wp-block-cover__gradient-background has-background-dim\"><\/span><div class=\"wp-block-cover__inner-container is-layout-flow wp-block-cover-is-layout-flow\">\n<div class=\"wp-block-group\"><div class=\"wp-block-group__inner-container is-layout-flow wp-block-group-is-layout-flow\">\n<div style=\"height:80px\" aria-hidden=\"true\" class=\"wp-block-spacer\"><\/div>\n\n\n\n<div class=\"wp-block-columns are-vertically-aligned-center is-layout-flex wp-container-core-columns-is-layout-9d6595d7 wp-block-columns-is-layout-flex\">\n<div class=\"wp-block-column is-vertically-aligned-center is-layout-flow wp-block-column-is-layout-flow\" style=\"flex-basis:50%\">\n<h2 class=\"has-text-align-left has-neve-text-color-color has-text-color wp-block-heading\">T\u0142umaczenia<\/h2>\n\n\n\n<h3 class=\"has-neve-text-color-color has-text-color wp-block-heading\">Do\u015bwiadczeni T\u0142umacze<\/h3>\n\n\n\n<p class=\"has-neve-text-color-color has-text-color\">Nasi t\u0142umacze to specjali\u015bci w zakresie t\u0142umacze\u0144 ustnych. W zale\u017cno\u015bci od potrzeb i okoliczno\u015bci wykonuj\u0105 r\u00f3\u017cnego rodzaju t\u0142umaczenia: symultaniczne i konsekutywne. T\u0142umaczenia symultaniczne, czyli kabinowe stosowane s\u0105 g\u0142\u00f3wnie na du\u017cych konferencjach i kongresach mi\u0119dzynarodowych. T\u0142umaczenia konsekutywne wykorzystuje si\u0119 na mniejszych wyst\u0105pieniach naukowych, przemowach polityk\u00f3w oraz podczas rozm\u00f3w biznesowych czy spotka\u0144 networkingowych odbywaj\u0105cych si\u0119 podczas konferencji.<\/p>\n\n\n\n<div class=\"wp-block-buttons is-horizontal is-content-justification-left is-layout-flex wp-container-core-buttons-is-layout-7e5fce0a wp-block-buttons-is-layout-flex\"><\/div>\n\n\n\n<div style=\"height:40px\" aria-hidden=\"true\" class=\"wp-block-spacer\"><\/div>\n<\/div>\n\n\n\n<div class=\"wp-block-column is-vertically-aligned-center is-layout-flow wp-block-column-is-layout-flow\" style=\"flex-basis:50%\">\n<figure class=\"wp-block-image size-large\"><img loading=\"lazy\" decoding=\"async\" width=\"600\" height=\"600\" src=\"https:\/\/tlumaczkonferencyjny.pl\/wp-content\/uploads\/2020\/01\/neve-web-design-bg-13.jpg\" alt=\"\" class=\"wp-image-40\" srcset=\"https:\/\/tlumaczkonferencyjny.pl\/wp-content\/uploads\/2020\/01\/neve-web-design-bg-13.jpg 600w, https:\/\/tlumaczkonferencyjny.pl\/wp-content\/uploads\/2020\/01\/neve-web-design-bg-13-300x300.jpg 300w, https:\/\/tlumaczkonferencyjny.pl\/wp-content\/uploads\/2020\/01\/neve-web-design-bg-13-150x150.jpg 150w\" sizes=\"auto, (max-width: 600px) 100vw, 600px\" \/><\/figure>\n<\/div>\n<\/div>\n\n\n\n<div style=\"height:40px\" aria-hidden=\"true\" class=\"wp-block-spacer\"><\/div>\n<\/div><\/div>\n<\/div><\/div>\n\n\n\n<div class=\"wp-block-cover alignfull\" style=\"min-height:600px;aspect-ratio:unset;\"><span aria-hidden=\"true\" class=\"has-nv-dark-bg-background-color has-background-dim-100 wp-block-cover__gradient-background has-background-dim\"><\/span><div class=\"wp-block-cover__inner-container is-layout-flow wp-block-cover-is-layout-flow\">\n<div class=\"wp-block-group\"><div class=\"wp-block-group__inner-container is-layout-flow wp-block-group-is-layout-flow\">\n<div style=\"height:80px\" aria-hidden=\"true\" class=\"wp-block-spacer\"><\/div>\n\n\n\n<div class=\"wp-block-columns are-vertically-aligned-center is-layout-flex wp-container-core-columns-is-layout-9d6595d7 wp-block-columns-is-layout-flex\">\n<div class=\"wp-block-column is-vertically-aligned-center is-layout-flow wp-block-column-is-layout-flow\" style=\"flex-basis:50%\">\n<figure class=\"wp-block-image size-full\"><img loading=\"lazy\" decoding=\"async\" width=\"800\" height=\"800\" src=\"https:\/\/tlumaczkonferencyjny.pl\/wp-content\/uploads\/2023\/08\/tlumaczenia-konferencyjne.jpg\" alt=\"t\u0142umaczenie konferencje\" class=\"wp-image-363\" srcset=\"https:\/\/tlumaczkonferencyjny.pl\/wp-content\/uploads\/2023\/08\/tlumaczenia-konferencyjne.jpg 800w, https:\/\/tlumaczkonferencyjny.pl\/wp-content\/uploads\/2023\/08\/tlumaczenia-konferencyjne-300x300.jpg 300w, https:\/\/tlumaczkonferencyjny.pl\/wp-content\/uploads\/2023\/08\/tlumaczenia-konferencyjne-150x150.jpg 150w, https:\/\/tlumaczkonferencyjny.pl\/wp-content\/uploads\/2023\/08\/tlumaczenia-konferencyjne-768x768.jpg 768w\" sizes=\"auto, (max-width: 800px) 100vw, 800px\" \/><\/figure>\n<\/div>\n\n\n\n<div class=\"wp-block-column is-vertically-aligned-center is-layout-flow wp-block-column-is-layout-flow\" style=\"flex-basis:50%\">\n<div style=\"height:40px\" aria-hidden=\"true\" class=\"wp-block-spacer\"><\/div>\n\n\n\n<h2 class=\"has-text-align-left has-nv-text-dark-bg-color has-text-color wp-block-heading\">T\u0142umaczenia Symultaniczne<\/h2>\n\n\n\n<p class=\"has-text-align-left has-nv-text-dark-bg-color has-text-color\" style=\"font-size:17px\">T\u0142umaczenia symultaniczne, kabinowe wykonujemy zar\u00f3wno w Gda\u0144sku, Gdyni i Sopocie jak i na terenie ca\u0142ej Polski. Udost\u0119pniamy specjalistyczny sprz\u0119t najwy\u017cszej jako\u015bci niezb\u0119dny do realizacji t\u0142umaczenia- d\u017awi\u0119koszczelne kabiny z zestawem s\u0142uchawkowym i mikrofonem oraz odbiorniki ze s\u0142uchawkami dla uczestnik\u00f3w wydarzenia.<\/p>\n\n\n\n<div class=\"wp-block-buttons is-horizontal is-content-justification-left is-layout-flex wp-container-core-buttons-is-layout-7e5fce0a wp-block-buttons-is-layout-flex\"><\/div>\n<\/div>\n<\/div>\n\n\n\n<div style=\"height:50px\" aria-hidden=\"true\" class=\"wp-block-spacer\"><\/div>\n<\/div><\/div>\n<\/div><\/div>\n\n\n\n<div class=\"wp-block-cover alignfull\" style=\"min-height:300px;aspect-ratio:unset;\"><span aria-hidden=\"true\" class=\"has-nv-dark-bg-background-color has-background-dim-100 wp-block-cover__gradient-background has-background-dim\"><\/span><div class=\"wp-block-cover__inner-container is-layout-flow wp-block-cover-is-layout-flow\">\n<div style=\"height:140px\" aria-hidden=\"true\" class=\"wp-block-spacer\"><\/div>\n\n\n\n<h2 class=\"has-text-align-left has-nv-text-dark-bg-color has-text-color wp-block-heading\">T\u0142umaczenia Konsekutywne<\/h2>\n\n\n\n<p class=\"has-text-align-left\">T\u0142umaczenia konsekutywne, podobnie jak symultaniczne wykonujemy na terenie Tr\u00f3jmiasta oraz ca\u0142ej Polski. Ten rodzaj t\u0142umaczenia najlepiej sprawdzi si\u0119 na szkoleniach, warsztatach, wyst\u0105pieniach specjalistycznych czy podczas rozm\u00f3w biznesowych w mniejszym gronie, w zakresie jednej pary j\u0119zykowej.<\/p>\n\n\n\n<h2 class=\"wp-block-heading\">Nasze us\u0142ugi<\/h2>\n\n\n\n<h3 class=\"wp-block-heading\">T\u0142umaczenie Symultaniczne<\/h3>\n\n\n\n<p>T\u0142umacze symultaniczni zazwyczaj siedz\u0105 w pojedynczych d\u017awi\u0119koszczelnych kabinach, z lini\u0105 wzroku do m\u00f3wcy. S\u0142uchaj\u0105 przez s\u0142uchawki i t\u0142umacz\u0105 to, co s\u0142ysz\u0105, do mikrofonu, z kt\u00f3rego d\u017awi\u0119k jest przekazywany do s\u0142uchawek uczestnik\u00f3w konferencji, kt\u00f3rzy nie rozumiej\u0105 j\u0119zyka m\u00f3wcy. Ta metoda t\u0142umaczenia jest nieinwazyjna, ale te\u017c bardzo techniczna. Audytorium przed konferencj\u0105 musi by\u0107 wyposa\u017cone w sprz\u0119t najnowszej generacji, aby t\u0142umacze mieli wszystko, czego potrzebuj\u0105 do efektywnej pracy.<\/p>\n\n\n\n<h3 class=\"wp-block-heading\">Cennik<\/h3>\n\n\n\n<p>Mo\u017cemy zapewni\u0107 t\u0142umaczenie symultaniczne na wydarzeniach dowolnej wielko\u015bci, i z dowolnej bran\u017cy, otwieraj\u0105c Pa\u0144stwa konferencj\u0119 na mi\u0119dzynarodow\u0105 publiczno\u015b\u0107. Cennik jest konsultowany indywidualnie.<\/p>\n\n\n\n<h3 class=\"wp-block-heading\">Odpowiedzialno\u015b\u0107<\/h3>\n\n\n\n<p>Jeste\u015bmy zobowi\u0105zani do zapewnienia sta\u0142ego poziomu jako\u015bci we wszystkich naszych dzia\u0142aniach na rzecz klient\u00f3w. Nasi pracownicy post\u0119puj\u0105 zgodnie z ustalonymi procesami biznesowymi, dzi\u0119ki czemu mo\u017cemy komunikowa\u0107 si\u0119 w jasny spos\u00f3b, dostarcza\u0107 produkty na czas i zgodnie z oczekiwaniami naszych klient\u00f3w.<\/p>\n\n\n\n<h3 class=\"wp-block-heading\">Wsp\u00f3\u0142praca<\/h3>\n\n\n\n<p>Mo\u017cesz korzysta\u0107 z naszych us\u0142ug dora\u017anie lub skorzysta\u0107 z jednej z naszych ofert kontraktowych dostosowanych do wymaga\u0144 Twojej firmy.<\/p>\n\n\n\n<p>Opr\u00f3cz t\u0142umacze\u0144 ustnych czyli symultanicznych i konsekutywnych \u015bwiadczymy us\u0142ugi z zakresu t\u0142umaczenia pisemnego z j\u0119zyka polskiego na j\u0119zyk angielski i z j\u0119zyka angielskiego na j\u0119zyk polski. Polecamy\u00a0<a href=\"https:\/\/joannaradajak.pl\/\" target=\"_blank\" rel=\"noreferrer noopener\">T\u0142umacz Angielski Gda\u0144sk<\/a><\/p>\n\n\n\n<h2 class=\"wp-block-heading\">O nas<\/h2>\n\n\n\n<p>Posiadamy do\u015bwiadczenie w wykonywaniu t\u0142umacze\u0144 ustnych, na konferencjach, kongresach, szkoleniach, a tak\u017ce na bardziej prywatnych i kameralnych spotkaniach. Nasi t\u0142umacze to profesjonali\u015bci w swojej bran\u017cy.&nbsp; Od 2013 roku czynnie dzia\u0142amy na rynku Tr\u00f3jmiejskim, oraz na terenie ca\u0142ej Polski.<\/p>\n\n\n\n<h2 class=\"wp-block-heading\">T\u0142umaczenia pisemne<\/h2>\n\n\n\n<p>W naszej ofercie mamy r\u00f3wnie\u017c t\u0142umaczenia pisemne, kt\u00f3re wykonujemy ca\u0142kowicie online.<\/p>\n\n\n\n<p>Z pe\u0142nym zakresem us\u0142ug t\u0142umacze\u0144 pisemnych mo\u017cna zapozna\u0107 si\u0119 pod poni\u017cszym linkiem:\u00a0<a href=\"https:\/\/joannaradajak.pl\/\" target=\"_blank\" rel=\"noreferrer noopener\">T\u0142umacz J\u0119zyka Angielskiego\u00a0<\/a><\/p>\n\n\n\n<div class=\"wp-block-buttons is-horizontal is-content-justification-center is-layout-flex wp-container-core-buttons-is-layout-499968f5 wp-block-buttons-is-layout-flex\">\n<div class=\"wp-block-button is-style-primary\"><a class=\"wp-block-button__link\" href=\"tel:514450540\">ZADZWO\u0143 TERAZ<\/a><\/div>\n\n\n\n<div class=\"wp-block-button is-style-primary\"><a class=\"wp-block-button__link\" href=\"mailto:kontakt@tlumaczkonferencyjny.pl\">Kontakt@tlumaczkonferencyjny.pl<\/a><\/div>\n<\/div>\n\n\n\n<div style=\"height:140px\" aria-hidden=\"true\" class=\"wp-block-spacer\"><\/div>\n<\/div><\/div>\n","protected":false},"excerpt":{"rendered":"<p>T\u0142umaczenia symultaniczne \u00a0T\u0142umaczenia konferencyjne T\u0142umaczenia konsekutywne<\/p>\n","protected":false},"author":1,"featured_media":0,"parent":0,"menu_order":0,"comment_status":"closed","ping_status":"closed","template":"","meta":{"neve_meta_sidebar":"default","neve_meta_container":"default","neve_meta_enable_content_width":"on","neve_meta_content_width":100,"neve_meta_title_alignment":"","neve_meta_author_avatar":"","neve_post_elements_order":"","neve_meta_disable_header":"","neve_meta_disable_footer":"","neve_meta_disable_title":"on","neve_meta_reading_time":"","_themeisle_gutenberg_block_has_review":false,"footnotes":""},"class_list":["post-308","page","type-page","status-publish","hentry"],"_links":{"self":[{"href":"https:\/\/tlumaczkonferencyjny.pl\/index.php?rest_route=\/wp\/v2\/pages\/308","targetHints":{"allow":["GET"]}}],"collection":[{"href":"https:\/\/tlumaczkonferencyjny.pl\/index.php?rest_route=\/wp\/v2\/pages"}],"about":[{"href":"https:\/\/tlumaczkonferencyjny.pl\/index.php?rest_route=\/wp\/v2\/types\/page"}],"author":[{"embeddable":true,"href":"https:\/\/tlumaczkonferencyjny.pl\/index.php?rest_route=\/wp\/v2\/users\/1"}],"replies":[{"embeddable":true,"href":"https:\/\/tlumaczkonferencyjny.pl\/index.php?rest_route=%2Fwp%2Fv2%2Fcomments&post=308"}],"version-history":[{"count":3,"href":"https:\/\/tlumaczkonferencyjny.pl\/index.php?rest_route=\/wp\/v2\/pages\/308\/revisions"}],"predecessor-version":[{"id":368,"href":"https:\/\/tlumaczkonferencyjny.pl\/index.php?rest_route=\/wp\/v2\/pages\/308\/revisions\/368"}],"wp:attachment":[{"href":"https:\/\/tlumaczkonferencyjny.pl\/index.php?rest_route=%2Fwp%2Fv2%2Fmedia&parent=308"}],"curies":[{"name":"wp","href":"https:\/\/api.w.org\/{rel}","templated":true}]}}